{"id":27,"date":"2011-01-28T13:24:36","date_gmt":"2011-01-28T13:24:36","guid":{"rendered":"http:\/\/www.goulart.pro.br\/blog\/?page_id=2"},"modified":"2025-01-04T22:03:19","modified_gmt":"2025-01-04T22:03:19","slug":"sobre","status":"publish","type":"page","link":"https:\/\/goulart.pro.br\/blog\/sobre\/","title":{"rendered":"4 &#8211; Sobre"},"content":{"rendered":"\n<p>Quem somos?<\/p>\n\n\n\n<p>Ademir Goulart, <a href=\"http:\/\/lattes.cnpq.br\/5424083882385473\" target=\"_blank\">professor<\/a> na <a href=\"http:\/\/www.ifsc.edu.br\" target=\"_blank\" rel=\"noreferrer noopener\">IFSC &#8211; Instituto Federal de Santa Catarina<\/a> em SC.<\/p>\n\n\n\n<p>Residencia em Balne\u00e1rio Cambori\u00fa, SC.<\/p>\n\n\n\n<figure class=\"wp-block-image is-resized\"><img loading=\"lazy\" decoding=\"async\" width=\"2560\" height=\"1920\" src=\"https:\/\/goulart.pro.br\/blog\/wp-content\/uploads\/2025\/01\/IMG_0373-scaled.jpg\" alt=\"\" class=\"wp-image-5078\" style=\"width:579px;height:auto\" srcset=\"https:\/\/goulart.pro.br\/blog\/wp-content\/uploads\/2025\/01\/IMG_0373-scaled.jpg 2560w, https:\/\/goulart.pro.br\/blog\/wp-content\/uploads\/2025\/01\/IMG_0373-300x225.jpg 300w, https:\/\/goulart.pro.br\/blog\/wp-content\/uploads\/2025\/01\/IMG_0373-1024x768.jpg 1024w, https:\/\/goulart.pro.br\/blog\/wp-content\/uploads\/2025\/01\/IMG_0373-768x576.jpg 768w, https:\/\/goulart.pro.br\/blog\/wp-content\/uploads\/2025\/01\/IMG_0373-1536x1152.jpg 1536w, https:\/\/goulart.pro.br\/blog\/wp-content\/uploads\/2025\/01\/IMG_0373-2048x1536.jpg 2048w, https:\/\/goulart.pro.br\/blog\/wp-content\/uploads\/2025\/01\/IMG_0373-400x300.jpg 400w\" sizes=\"auto, (max-width: 2560px) 100vw, 2560px\" \/><\/figure>\n\n\n\n<p>Adoramos viajar de motocicleta e a raz\u00e3o deste Blog \u00e9 publicar informa\u00e7\u00f5es sobre nossas viagens.<\/p>\n\n\n\n<p><\/p>\n","protected":false},"excerpt":{"rendered":"<p>Quem somos? Ademir Goulart, professor na IFSC &#8211; Instituto Federal de Santa Catarina em SC. Residencia em Balne\u00e1rio Cambori\u00fa, SC. Adoramos viajar de motocicleta e a raz\u00e3o deste Blog \u00e9 publicar informa\u00e7\u00f5es sobre nossas viagens.<\/p>\n","protected":false},"author":1,"featured_media":0,"parent":0,"menu_order":0,"comment_status":"open","ping_status":"open","template":"","meta":{"pagelayer_contact_templates":[],"_pagelayer_content":"","footnotes":""},"class_list":["post-27","page","type-page","status-publish","hentry"],"_links":{"self":[{"href":"https:\/\/goulart.pro.br\/blog\/wp-json\/wp\/v2\/pages\/27","targetHints":{"allow":["GET"]}}],"collection":[{"href":"https:\/\/goulart.pro.br\/blog\/wp-json\/wp\/v2\/pages"}],"about":[{"href":"https:\/\/goulart.pro.br\/blog\/wp-json\/wp\/v2\/types\/page"}],"author":[{"embeddable":true,"href":"https:\/\/goulart.pro.br\/blog\/wp-json\/wp\/v2\/users\/1"}],"replies":[{"embeddable":true,"href":"https:\/\/goulart.pro.br\/blog\/wp-json\/wp\/v2\/comments?post=27"}],"version-history":[{"count":15,"href":"https:\/\/goulart.pro.br\/blog\/wp-json\/wp\/v2\/pages\/27\/revisions"}],"predecessor-version":[{"id":5083,"href":"https:\/\/goulart.pro.br\/blog\/wp-json\/wp\/v2\/pages\/27\/revisions\/5083"}],"wp:attachment":[{"href":"https:\/\/goulart.pro.br\/blog\/wp-json\/wp\/v2\/media?parent=27"}],"curies":[{"name":"wp","href":"https:\/\/api.w.org\/{rel}","templated":true}]}}