{"id":1695,"date":"2013-07-29T13:26:46","date_gmt":"2013-07-29T16:26:46","guid":{"rendered":"http:\/\/www.goulart.pro.br\/blog\/?page_id=1695"},"modified":"2025-01-04T22:11:55","modified_gmt":"2025-01-04T22:11:55","slug":"3-onde-estamos-agora","status":"publish","type":"page","link":"https:\/\/goulart.pro.br\/blog\/3-onde-estamos-agora\/","title":{"rendered":"3 &#8211; Onde estamos agora"},"content":{"rendered":"\n<p><a href=\"http:\/\/www.followmee.com\/mapx.aspx?key=17d1cd53e35b17636bf4f21b2db55af3&amp;username=ademir.goulart&amp;type=2&amp;deviceid=12173246&amp;function=historyfordevice&amp;history=24\">View GPS Tracking in Larger Map<\/a><\/p>\n\n\n\n<p>Voc\u00ea pode nos acompanhar durante as viagens e saber o local exato onde estamos agora.<\/p>\n\n\n\n<p><iframe style=\"width: 600px; height: 400px;\" src=\"\/\/www.followmee.com\/maps.aspx?key=17d1cd53e35b17636bf4f21b2db55af3&amp;username=ademir.goulart&amp;type=2&amp;deviceid=12173246&amp;function=historyfordevice&amp;history=24\" name=\"fmeeframe\" frameborder=\"0\" marginwidth=\"0\" marginheight=\"0\" scrolling=\"no\"><\/iframe><\/p>\n\n\n\n<p>Com base no site <a title=\"Site FollowMee\" href=\"http:\/\/www.followmee.com\" target=\"_blank\" rel=\"noopener\">www.FollowMee.com<\/a> \u00e9 poss\u00edvel acompanhar em tempo real nossa localiza\u00e7\u00e3o:<\/p>\n\n\n\n<figure class=\"wp-block-image aligncenter\"><a href=\"http:\/\/www.goulart.pro.br\/blog\/?attachment_id=807\" rel=\"attachment wp-att-807\"><img decoding=\"async\" src=\"http:\/\/www.goulart.pro.br\/blog\/wp-content\/uploads\/2013\/01\/DSC00440.jpg\" alt=\"Dona Silvana escondendo as m\u00e3os do Frio\" class=\"wp-image-807\"\/><\/a><figcaption class=\"wp-element-caption\">Dona Silvana escondendo as m\u00e3os do Frio<\/figcaption><\/figure>\n","protected":false},"excerpt":{"rendered":"<p>View GPS Tracking in Larger Map Voc\u00ea pode nos acompanhar durante as viagens e saber o local exato onde estamos agora. Com base no site www.FollowMee.com \u00e9 poss\u00edvel acompanhar em tempo real nossa localiza\u00e7\u00e3o:<\/p>\n","protected":false},"author":1,"featured_media":0,"parent":0,"menu_order":0,"comment_status":"open","ping_status":"open","template":"","meta":{"pagelayer_contact_templates":[],"_pagelayer_content":"","footnotes":""},"class_list":["post-1695","page","type-page","status-publish","hentry"],"_links":{"self":[{"href":"https:\/\/goulart.pro.br\/blog\/wp-json\/wp\/v2\/pages\/1695","targetHints":{"allow":["GET"]}}],"collection":[{"href":"https:\/\/goulart.pro.br\/blog\/wp-json\/wp\/v2\/pages"}],"about":[{"href":"https:\/\/goulart.pro.br\/blog\/wp-json\/wp\/v2\/types\/page"}],"author":[{"embeddable":true,"href":"https:\/\/goulart.pro.br\/blog\/wp-json\/wp\/v2\/users\/1"}],"replies":[{"embeddable":true,"href":"https:\/\/goulart.pro.br\/blog\/wp-json\/wp\/v2\/comments?post=1695"}],"version-history":[{"count":2,"href":"https:\/\/goulart.pro.br\/blog\/wp-json\/wp\/v2\/pages\/1695\/revisions"}],"predecessor-version":[{"id":5085,"href":"https:\/\/goulart.pro.br\/blog\/wp-json\/wp\/v2\/pages\/1695\/revisions\/5085"}],"wp:attachment":[{"href":"https:\/\/goulart.pro.br\/blog\/wp-json\/wp\/v2\/media?parent=1695"}],"curies":[{"name":"wp","href":"https:\/\/api.w.org\/{rel}","templated":true}]}}