{"id":1649,"date":"2013-07-22T15:05:19","date_gmt":"2013-07-22T15:05:19","guid":{"rendered":"http:\/\/www.goulart.pro.br\/blog\/?page_id=1649"},"modified":"2025-01-19T14:02:33","modified_gmt":"2025-01-19T14:02:33","slug":"viagens","status":"publish","type":"page","link":"https:\/\/goulart.pro.br\/blog\/","title":{"rendered":"1 &#8211; Viagens"},"content":{"rendered":"\n<figure class=\"wp-block-image size-large\"><img loading=\"lazy\" decoding=\"async\" width=\"1024\" height=\"768\" src=\"https:\/\/goulart.pro.br\/blog\/wp-content\/uploads\/2025\/01\/IMG_0373-1024x768.jpg\" alt=\"\" class=\"wp-image-5078\" srcset=\"https:\/\/goulart.pro.br\/blog\/wp-content\/uploads\/2025\/01\/IMG_0373-1024x768.jpg 1024w, https:\/\/goulart.pro.br\/blog\/wp-content\/uploads\/2025\/01\/IMG_0373-300x225.jpg 300w, https:\/\/goulart.pro.br\/blog\/wp-content\/uploads\/2025\/01\/IMG_0373-768x576.jpg 768w, https:\/\/goulart.pro.br\/blog\/wp-content\/uploads\/2025\/01\/IMG_0373-1536x1152.jpg 1536w, https:\/\/goulart.pro.br\/blog\/wp-content\/uploads\/2025\/01\/IMG_0373-2048x1536.jpg 2048w, https:\/\/goulart.pro.br\/blog\/wp-content\/uploads\/2025\/01\/IMG_0373-400x300.jpg 400w\" sizes=\"auto, (max-width: 1024px) 100vw, 1024px\" \/><\/figure>\n\n\n\n\n\n\n\n<p class=\"has-text-align-left\"><strong>Viagem ao USHUAIA (Dez\/2013 &#8211; Jan\/2014)<br>\n<\/strong><\/p>\n\n\n\n<p class=\"has-text-align-left\"> <a title=\"Dia 01 \u2013 26\/12\/2013 \u2013 De Balne\u00e1rio Camboriu a S\u00e3o Gabriel (RS)\" href=\"http:\/\/www.goulart.pro.br\/blog\/?p=2417\" target=\"_blank\" rel=\"noopener\">Dia 01 \u2013 26\/12\/2013 \u2013 De Balne\u00e1rio Camboriu a S\u00e3o Gabriel (RS)<\/a><br> <a title=\"Dia 02 \u2013 27\/12\/2013 \u2013 De S\u00e3o Gabriel (RS) a Santa Fe (SF \u2013 Argentina)\" href=\"http:\/\/www.goulart.pro.br\/blog\/?p=2439\" target=\"_blank\" rel=\"noopener\">Dia 02 \u2013 27\/12\/2013 \u2013 De S\u00e3o Gabriel (RS) a Santa Fe (SF \u2013 Argentina)<\/a><br> <a title=\"Dia 03 \u2013 28\/12\/2013 \u2013 De Santa Fe a General Acha\" href=\"http:\/\/www.goulart.pro.br\/blog\/?p=2457\" target=\"_blank\" rel=\"noopener\">Dia 03 \u2013 28\/12\/2013 \u2013 De Santa Fe a General Acha<\/a><br> <a title=\"Dia 04 \u2013 29\/12\/2013 \u2013 De General Acha a San Martin de Los Andes\" href=\"http:\/\/www.goulart.pro.br\/blog\/?p=2475\" target=\"_blank\" rel=\"noopener\">Dia 04 \u2013 29\/12\/2013 \u2013 De General Acha para San Martin de Los Andes<\/a><br> <a title=\"Dia 05 \u201330\/12\/2013 \u2013  San Martin de Los Andes\" href=\"http:\/\/www.goulart.pro.br\/blog\/?p=2505\" target=\"_blank\" rel=\"noopener\">Dia 05 \u201330\/12\/2013 \u2013 San Martin de Los Andes<\/a><br> <a title=\"Dia 06 \u2013 31\/12\/2013 \u2013 San Martin de Los Andes\" href=\"http:\/\/www.goulart.pro.br\/blog\/?p=2509\" target=\"_blank\" rel=\"noopener\">Dia 06 \u2013 31\/12\/2013 \u2013 San Martin de Los Andes<\/a><br> <a title=\"Dia 07 \u2013 01\/01\/2014 \u2013 San Martin de Los Andes a San Carlos de Bariloche\" href=\"http:\/\/www.goulart.pro.br\/blog\/?p=2513\" target=\"_blank\" rel=\"noopener\">Dia 07 \u2013 01\/01\/2014 \u2013 San Martin de Los Andes a San Carlos de Bariloche<\/a><br> <a title=\"Dia 08 \u2013 02\/01\/2014 \u2013 San Carlos de Bariloche a Comodoro Rivad\u00e1via\" href=\"http:\/\/www.goulart.pro.br\/blog\/?p=2681\" target=\"_blank\" rel=\"noopener\">Dia 08 \u2013 02\/01\/2014 \u2013 San Carlos de Bariloche a Comodoro Rivad\u00e1via<\/a><br> <a title=\"Dia 09 \u2013 03\/01\/2014 \u2013 Comodoro Rivadavia a Rio Gallegos\" href=\"http:\/\/www.goulart.pro.br\/blog\/?p=2715\" target=\"_blank\" rel=\"noopener\">Dia 09 \u2013 03\/01\/2014 \u2013 Comodoro Rivadavia a Rio Gallegos<\/a><br> <a title=\"Dia 10 \u2013 04\/01\/2014 \u2013 Rio Gallegos a El Calafate\" href=\"http:\/\/www.goulart.pro.br\/blog\/?p=2739\" target=\"_blank\" rel=\"noopener\">Dia 10 \u2013 04\/01\/2014 \u2013 Rio Gallegos a El Calafate<\/a><br> <a title=\"Dia 11 \u2013 05\/01\/2014 \u2013  El Calafate\" href=\"http:\/\/www.goulart.pro.br\/blog\/?p=2771\" target=\"_blank\" rel=\"noopener\">Dia 11 \u2013 05\/01\/2014 \u2013 El Calafate<\/a><br> <a title=\"Dia 12 \u2013 06\/01\/2014 \u2013  El Calafate\" href=\"http:\/\/www.goulart.pro.br\/blog\/?p=2823\" target=\"_blank\" rel=\"noopener\">Dia 12 \u2013 06\/01\/2014 \u2013 El Calafate<\/a><br> <a title=\"Dia 13 \u2013 07\/01\/2014 \u2013  El Calafate\" href=\"http:\/\/www.goulart.pro.br\/blog\/?p=2899\" target=\"_blank\" rel=\"noopener\">Dia 13 \u2013 07\/01\/2014 \u2013 El Calafate<\/a><br> <a title=\"Dia 14 \u2013 08\/01\/2014 \u2013  El Calafate a Cerro Sombrero\" href=\"http:\/\/www.goulart.pro.br\/blog\/?p=2917\" target=\"_blank\" rel=\"noopener\">Dia 14 \u2013 08\/01\/2014 \u2013 El Calafate a Cerro Sombrero<\/a><br> <a title=\"Dia 15 \u2013 09\/01\/2014 \u2013  Cerro Sombrero  a Ushuaia\" href=\"http:\/\/www.goulart.pro.br\/blog\/?p=2967\" target=\"_blank\" rel=\"noopener\">Dia 15 \u2013 09\/01\/2014 \u2013 Cerro Sombrero a Ushuaia<\/a><br> <a title=\"Dia 16 \u2013 10\/01\/2014 \u2013  Ushuaia\" href=\"http:\/\/www.goulart.pro.br\/blog\/?p=3017\" target=\"_blank\" rel=\"noopener\">Dia 16 \u2013 10\/01\/2014 \u2013 Ushuaia<\/a><br> <a title=\"Dia 17 \u2013 11\/01\/2014 \u2013  Ushuaia\" href=\"http:\/\/www.goulart.pro.br\/blog\/?p=3085\" target=\"_blank\" rel=\"noopener\">Dia 17 \u2013 11\/01\/2014 \u2013 Ushuaia<\/a><br> <a title=\"Dia 18 \u2013 12\/01\/2014 \u2013  Ushuaia\" href=\"http:\/\/www.goulart.pro.br\/blog\/?p=3213\" target=\"_blank\" rel=\"noopener\">Dia 18 \u2013 12\/01\/2014 \u2013 Ushuaia<\/a><br> <a title=\"Dia 19 \u2013 13\/01\/2014 \u2013  Ushuaia\" href=\"http:\/\/www.goulart.pro.br\/blog\/?p=3277\" target=\"_blank\" rel=\"noopener\">Dia 19 \u2013 13\/01\/2014 \u2013 Ushuaia<\/a><br> <a title=\"Dia 20 \u2013 14\/01\/2014 \u2013  Ushuaia  a  Punta Arenas\" href=\"http:\/\/www.goulart.pro.br\/blog\/?p=3383\" target=\"_blank\" rel=\"noopener\">Dia 20 \u2013 14\/01\/2014 \u2013 Ushuaia a Punta Arenas<\/a><br> <a title=\"Dia 21 \u2013 15\/01\/2014 \u2013  Punta Arenas\" href=\"http:\/\/www.goulart.pro.br\/blog\/?p=3441\" target=\"_blank\" rel=\"noopener\">Dia 21 \u2013 15\/01\/2014 \u2013 Punta Arenas<\/a><br> <a title=\"Dia 22 \u2013 16\/01\/2014 \u2013  Punta Arenas a Puerto Natales\" href=\"http:\/\/www.goulart.pro.br\/blog\/?p=3523\" target=\"_blank\" rel=\"noopener\">Dia 22 \u2013 16\/01\/2014 \u2013 Punta Arenas a Puerto Natales<\/a><br> <a title=\"Dia 23 \u2013 17\/01\/2014 \u2013  Puerto Natales\" href=\"http:\/\/www.goulart.pro.br\/blog\/?p=3569\" target=\"_blank\" rel=\"noopener\">Dia 23 \u2013 17\/01\/2014 \u2013 Puerto Natales<\/a><br> <a title=\"Dia 24 \u2013 18\/01\/2014 \u2013  Puerto Natales\" href=\"http:\/\/www.goulart.pro.br\/blog\/?p=3597\" target=\"_blank\" rel=\"noopener\">Dia 24 \u2013 18\/01\/2014 \u2013 Puerto Natales<\/a><br> <a title=\"Dia 25 \u2013 19\/01\/2014 \u2013  Puerto Natales\" href=\"http:\/\/www.goulart.pro.br\/blog\/?p=3671\" target=\"_blank\" rel=\"noopener\">Dia 25 \u2013 19\/01\/2014 \u2013 Puerto Natales<\/a><br> <a title=\"Dia 26 \u2013 20\/01\/2014 \u2013  Puerto Natales\" href=\"http:\/\/www.goulart.pro.br\/blog\/?p=3749\" target=\"_blank\" rel=\"noopener\">Dia 26 \u2013 20\/01\/2014 \u2013 Puerto Natales<\/a><br> <a title=\"Dia 27 \u2013 21\/01\/2014 \u2013  Puerto Natales e a bordo do AMADEO I \u2013  Primeiro dia\" href=\"http:\/\/www.goulart.pro.br\/blog\/?p=3805\" target=\"_blank\" rel=\"noopener\">Dia 27 \u2013 21\/01\/2014 \u2013 Puerto Natales e a bordo do AMADEO I \u2013 Primeiro dia<\/a><br> <a title=\"Dia 28 \u2013 22\/01\/2014 \u2013  A bordo do AMADEO I \u2013 Segundo dia\" href=\"http:\/\/www.goulart.pro.br\/blog\/?p=3857\" target=\"_blank\" rel=\"noopener\">Dia 28 \u2013 22\/01\/2014 \u2013 A bordo do AMADEO I \u2013 Segundo dia<\/a><br> <a title=\"Dia 29 \u2013 23\/01\/2014 \u2013  A bordo do AMADEO I \u2013 Terceiro Dia\" href=\"http:\/\/www.goulart.pro.br\/blog\/?p=3961\" target=\"_blank\" rel=\"noopener\">Dia 29 \u2013 23\/01\/2014 \u2013 A bordo do AMADEO I \u2013 Terceiro Dia<\/a><br> <a title=\"Dia 30 \u2013 24\/01\/2014 \u2013  A bordo do AMADEO I \u2013 Quarto Dia \u2013 Desembarque \u2013 De Puerto Montt a Temuco\" href=\"http:\/\/www.goulart.pro.br\/blog\/?p=4013\" target=\"_blank\" rel=\"noopener\">Dia 30 \u2013 24\/01\/2014 \u2013 A bordo do AMADEO I \u2013 Quarto Dia \u2013 Desembarque \u2013 De Puerto Montt a Temuco<\/a><br> <a title=\"Dia 31 \u2013 25\/01\/2014 \u2013 De Temuco a Los Andes\" href=\"http:\/\/www.goulart.pro.br\/blog\/?p=4045\" target=\"_blank\" rel=\"noopener\">Dia 31 \u2013 25\/01\/2014 \u2013 De Temuco a Los Andes<\/a><br> <a title=\"Dia 32 \u2013 26\/01\/2014 \u2013 De  Los Andes (Los Andes \u2013 Chile) a Villa Maria (C\u00f3rdoba \u2013 Argentina)\" href=\"http:\/\/www.goulart.pro.br\/blog\/?p=4089\" target=\"_blank\" rel=\"noopener\">Dia 32 \u2013 26\/01\/2014 \u2013 De Los Andes (Los Andes \u2013 Chile) a Villa Maria (C\u00f3rdoba \u2013 Argentina)<\/a><br> <a title=\"Dia 33 \u2013 27\/01\/2014 \u2013 De  Villa Maria (C\u00f3rdoba \u2013 Argentina)  a Rivera (Uruguai)\" href=\"http:\/\/www.goulart.pro.br\/blog\/?p=4141\" target=\"_blank\" rel=\"noopener\">Dia 33 \u2013 27\/01\/2014 \u2013 De Villa Maria (C\u00f3rdoba \u2013 Argentina) a Rivera (Uruguai)<\/a><br> <a title=\"Dia 34 \u2013 28\/01\/14 \u2013 Rivera\" href=\"http:\/\/www.goulart.pro.br\/blog\/?p=4159\" target=\"_blank\" rel=\"noopener\">Dia 34 \u2013 28\/01\/14 \u2013 Rivera<\/a><br> <a title=\"Dia 35 \u2013 29\/01\/14 \u2013 De  Rivera a Sang\u00e3o (Morro Grande)\" href=\"http:\/\/www.goulart.pro.br\/blog\/?p=4189\" target=\"_blank\" rel=\"noopener\">Dia 35 \u2013 29\/01\/14 \u2013 De Rivera a Sang\u00e3o (Morro Grande)<\/a><br> <a title=\"Dia 36 \u2013 30\/01\/14 \u2013 De  Sang\u00e3o (Morro Grande) a Balne\u00e1rio Camboriu\" href=\"http:\/\/www.goulart.pro.br\/blog\/?p=4201\" target=\"_blank\" rel=\"noopener\">Dia 36 \u2013 30\/01\/14 \u2013 De Sang\u00e3o (Morro Grande) a Balne\u00e1rio Camboriu<\/a><br> <a title=\"USHUAIA 2014 \u2013 Roteiro de ida\" href=\"http:\/\/www.goulart.pro.br\/blog\/?p=4273\" target=\"_blank\" rel=\"noopener\">USHUAIA 2014 \u2013 Roteiro de ida<\/a><br> <a title=\"USHUAIA 2014 \u2013 Roteiro de volta\" href=\"http:\/\/www.goulart.pro.br\/blog\/?p=4305\" target=\"_blank\" rel=\"noopener\">USHUAIA 2014 \u2013 Roteiro de volta<\/a><br> <a title=\"25\/02\/2014 \u2013 Informa\u00e7\u00f5es sobre os HOT\u00c9IS \u2013 Viagem a USHUAIA.\" href=\"http:\/\/www.goulart.pro.br\/blog\/?p=4417\">25\/02\/2014 \u2013 Informa\u00e7\u00f5es sobre os HOT\u00c9IS \u2013 Viagem a USHUAIA<\/a><\/p>\n\n\n\n<p><strong>Viagem a Machu Picchu (Dez\/2012 &#8211; Jan\/2013)<br>\n<\/strong><\/p>\n\n\n\n<p><a title=\"Receita para subir o PERU...\" href=\"http:\/\/www.goulart.pro.br\/blog\/?p=357\" target=\"_blank\" rel=\"noopener\">Receita para subir o PERU&#8230;<\/a><br>\n<a title=\"Dia 01 - 26\/12\/2012 - De Balne\u00c3\u00a1rio Cambori\u00c3\u00ba a Dion\u00c3\u00adsio Cerqueira\" href=\"http:\/\/www.goulart.pro.br\/blog\/?p=369\" target=\"_blank\" rel=\"noopener\">Dia 01 &#8211; 26\/12\/2012 &#8211; De Balne\u00e1rio Cambori\u00fa a Dion\u00edsio Cerqueira<\/a><br>\n<a title=\"Dia 02 \u00e2\u20ac\u201c 27\/12\/2012 \u00e2\u20ac\u201c De Dion\u00c3\u00adsio Cerqueira a Resistencia\" href=\"http:\/\/www.goulart.pro.br\/blog\/?p=393\" target=\"_blank\" rel=\"noopener\">Dia 02 &#8211; 27\/12\/2012 &#8211; De Dion\u00edsio Cerqueira a Resistencia<\/a><br>\n<a title=\"Dia 03 \u00e2\u20ac\u201c 28\/12\/2012 \u00e2\u20ac\u201c De Resistencia a Joaquim Victor Gonzalez\" href=\"http:\/\/www.goulart.pro.br\/blog\/?p=415\" target=\"_blank\" rel=\"noopener\">Dia 03 &#8211; 28\/12\/2012 &#8211; De Resistencia a Joaquim Victor Gonzalez<\/a><br>\n<a title=\"Dia 04 \u00e2\u20ac\u201c 29\/12\/2012 \u00e2\u20ac\u201c De Joaquim Victor Gonzalez a Purmamarca\" href=\"http:\/\/www.goulart.pro.br\/blog\/?p=433\" target=\"_blank\" rel=\"noopener\">Dia 04 &#8211; 29\/12\/2012 &#8211; De Joaquim Victor Gonzalez a Purmamarca<\/a><br>\n<a title=\"Dia 05 \u00e2\u20ac\u201c 30\/12\/2012 \u00e2\u20ac\u201c De Purmamarca a Calama\" href=\"http:\/\/www.goulart.pro.br\/blog\/?p=463\" target=\"_blank\" rel=\"noopener\">Dia 05 &#8211; 30\/12\/2012 &#8211; De Purmamarca a Calama<\/a><br>\n<a title=\"Dia 06 \u00e2\u20ac\u201c 31\/12\/2012 \u00e2\u20ac\u201c De Calama a Iquique\" href=\"http:\/\/www.goulart.pro.br\/blog\/?p=511\" target=\"_blank\" rel=\"noopener\">Dia 06 &#8211; 31\/12\/2012 &#8211; De Calama a Iquique<\/a><br>\n<a title=\"Dia 07 \u00e2\u20ac\u201c 01\/01\/2013 \u00e2\u20ac\u201c Iquique\" href=\"http:\/\/www.goulart.pro.br\/blog\/?p=567\" target=\"_blank\" rel=\"noopener\">Dia 07 &#8211; 01\/01\/2013 &#8211; Iquique<\/a><br>\n<a title=\"Dia 08 \u00e2\u20ac\u201c 02\/01\/2013 \u00e2\u20ac\u201c Iquique\" href=\"http:\/\/www.goulart.pro.br\/blog\/?p=591\">Dia 08 &#8211; 02\/01\/2013 &#8211; Iquique<\/a><br>\n<a title=\"Dia 09 \u00e2\u20ac\u201c 03\/01\/2013 \u00e2\u20ac\u201c De Iquique a Arica\" href=\"http:\/\/www.goulart.pro.br\/blog\/?p=619\" target=\"_blank\" rel=\"noopener\">Dia 09 &#8211; 03\/01\/2013 &#8211; De Iquique a Arica<\/a><br>\n<a title=\"Dia 10 \u00e2\u20ac\u201c 04\/01\/2013 \u00e2\u20ac\u201c De Arica a Puno\" href=\"http:\/\/www.goulart.pro.br\/blog\/?p=703\" target=\"_blank\" rel=\"noopener\">Dia 10 &#8211; 04\/01\/2013 &#8211; De Arica a Puno<\/a><br>\n<a title=\"Dia 11 \u00e2\u20ac\u201c 05\/01\/2013 \u00e2\u20ac\u201c Puno\" href=\"http:\/\/www.goulart.pro.br\/blog\/?p=721\" target=\"_blank\" rel=\"noopener\">Dia 11 &#8211; 05\/01\/2013 &#8211; Puno<\/a><br>\n<a title=\"Dia 12 \u00e2\u20ac\u201c 06\/01\/2013 \u00e2\u20ac\u201c De Puno a Cusco\" href=\"http:\/\/www.goulart.pro.br\/blog\/?p=729\" target=\"_blank\" rel=\"noopener\">Dia 12 &#8211; 06\/01\/2013 &#8211; De Puno a Cusco<\/a><br>\n<a title=\"Dia 13 \u00e2\u20ac\u201c 07\/01\/2013 \u00e2\u20ac\u201c Cusco (Passeio a Machu Picchu)\" href=\"http:\/\/www.goulart.pro.br\/blog\/?p=739\" target=\"_blank\" rel=\"noopener\">Dia 13 &#8211; 07\/01\/2013 &#8211; Cusco (Passeio a Machu Picchu)<\/a><br>\n<a title=\"Dia 14 \u00e2\u20ac\u201c 08\/01\/2013 \u00e2\u20ac\u201c Cusco\" href=\"http:\/\/www.goulart.pro.br\/blog\/?p=743\" target=\"_blank\" rel=\"noopener\">Dia 14 &#8211; 08\/01\/2013 &#8211; Cusco<\/a><br>\n<a title=\"Dia 15 \u00e2\u20ac\u201c 09\/01\/2013 \u00e2\u20ac\u201cDe Cusco a Puerto Maldonado\" href=\"http:\/\/www.goulart.pro.br\/blog\/?p=747\" target=\"_blank\" rel=\"noopener\">Dia 15 &#8211; 09\/01\/2013 &#8211; De Cusco a Puerto Maldonado<\/a><br>\n<a title=\"Dia 16 \u00e2\u20ac\u201c 10\/01\/2013 \u00e2\u20ac\u201c De Puerto Maldonado a Rio Branco\" href=\"http:\/\/www.goulart.pro.br\/blog\/?p=759\" target=\"_blank\" rel=\"noopener\">Dia 16 &#8211; 10\/01\/2013 &#8211; De Puerto Maldonado a Rio Branco<\/a><br>\n<a title=\"Dia 17 \u00e2\u20ac\u201c 11\/01\/2013 \u00e2\u20ac\u201c Rio Branco\" href=\"http:\/\/www.goulart.pro.br\/blog\/?p=763\" target=\"_blank\" rel=\"noopener\">Dia 17 &#8211; 11\/01\/2013 &#8211; Rio Branco<\/a><br>\n<a title=\"Dia 18 \u00e2\u20ac\u201c 12\/01\/2013 \u00e2\u20ac\u201c Rio Branco\" href=\"http:\/\/www.goulart.pro.br\/blog\/?p=767\" target=\"_blank\" rel=\"noopener\">Dia 18 &#8211; 12\/01\/2013 &#8211; Rio Branco<\/a><br>\n<a title=\"Dia 19 \u00e2\u20ac\u201c 13\/01\/2013 \u00e2\u20ac\u201c De Rio Branco a Navegantes (A\u00c3\u00a9rea)\" href=\"http:\/\/www.goulart.pro.br\/blog\/?p=771\" target=\"_blank\" rel=\"noopener\">Dia 19 &#8211; 13\/01\/2013 &#8211; De Rio Branco a Navegantes (A\u00e9rea)<\/a><br>\n<a title=\"21\/01\/2013 \u00e2\u20ac\u201c Considera\u00c3\u00a7\u00c3\u00b5es complementares Viagem a Machu Picchu\" href=\"http:\/\/www.goulart.pro.br\/blog\/?p=1333\" target=\"_blank\" rel=\"noopener\">Considera\u00e7\u00f5es complementares &#8211; Viagem a Machu Picchu<\/a><br>\n<a title=\"26\/01\/2013 \u00e2\u20ac\u201c Informa\u00c3\u00a7\u00c3\u00b5es sobre os HOT\u00c3\u2030IS \u00e2\u20ac\u201c Viagem a Machu Picchu\" href=\"http:\/\/www.goulart.pro.br\/blog\/?p=1391\" target=\"_blank\" rel=\"noopener\">Informa\u00e7\u00f5es sobre os HOT\u00c9IS &#8211;&nbsp; Viagem a Machu Picchu<\/a><\/p>\n\n\n\n<p><strong>Viagem ao URUGUAI (Set\/2011)<br>\n<\/strong><br>\n<a title=\"Do Sul ao Sul do RS\/Norte do Uruguai\" href=\"http:\/\/www.goulart.pro.br\/blog\/?p=251\" target=\"_blank\" rel=\"noopener\">Do Sul ao Sul do RS\/Norte do Uruguai<\/a><\/p>\n\n\n\n<p><strong>Viagem ao ATACAMA (Dez 2010 \/ Jan 2011 )<br>\n<\/strong><br>\n<a title=\"Viagem ao ATACAMA via Argentina \/ Chile \/ Argentina e Uruguai\" href=\"http:\/\/www.goulart.pro.br\/blog\/?p=129\" target=\"_blank\" rel=\"noopener\">Viagem ao ATACAMA via Argentina \/ Chile \/ Argentina e Uruguai<\/a><\/p>\n\n\n\n<p><\/p>\n\n\n","protected":false},"excerpt":{"rendered":"","protected":false},"author":1,"featured_media":5078,"parent":0,"menu_order":0,"comment_status":"closed","ping_status":"closed","template":"","meta":{"pagelayer_contact_templates":[],"_pagelayer_content":"","footnotes":""},"class_list":["post-1649","page","type-page","status-publish","has-post-thumbnail","hentry"],"_links":{"self":[{"href":"https:\/\/goulart.pro.br\/blog\/wp-json\/wp\/v2\/pages\/1649","targetHints":{"allow":["GET"]}}],"collection":[{"href":"https:\/\/goulart.pro.br\/blog\/wp-json\/wp\/v2\/pages"}],"about":[{"href":"https:\/\/goulart.pro.br\/blog\/wp-json\/wp\/v2\/types\/page"}],"author":[{"embeddable":true,"href":"https:\/\/goulart.pro.br\/blog\/wp-json\/wp\/v2\/users\/1"}],"replies":[{"embeddable":true,"href":"https:\/\/goulart.pro.br\/blog\/wp-json\/wp\/v2\/comments?post=1649"}],"version-history":[{"count":9,"href":"https:\/\/goulart.pro.br\/blog\/wp-json\/wp\/v2\/pages\/1649\/revisions"}],"predecessor-version":[{"id":5228,"href":"https:\/\/goulart.pro.br\/blog\/wp-json\/wp\/v2\/pages\/1649\/revisions\/5228"}],"wp:featuredmedia":[{"embeddable":true,"href":"https:\/\/goulart.pro.br\/blog\/wp-json\/wp\/v2\/media\/5078"}],"wp:attachment":[{"href":"https:\/\/goulart.pro.br\/blog\/wp-json\/wp\/v2\/media?parent=1649"}],"curies":[{"name":"wp","href":"https:\/\/api.w.org\/{rel}","templated":true}]}}